{"id":147,"date":"2025-08-02T06:09:52","date_gmt":"2025-08-02T09:09:52","guid":{"rendered":"https:\/\/inspecaovistoriauto.com.br\/?page_id=147"},"modified":"2025-08-06T03:23:10","modified_gmt":"2025-08-06T06:23:10","slug":"servicos","status":"publish","type":"page","link":"https:\/\/inspecaovistoriauto.com.br\/?page_id=147","title":{"rendered":"Servi\u00e7os"},"content":{"rendered":"\n<div style=\"height:20px\" aria-hidden=\"true\" class=\"wp-block-spacer\"><\/div>\n\n\n\n<h4 class=\"wp-block-heading\">1. SERVI\u00c7OS DE INSPE\u00c7\u00c3O<\/h4>\n\n\n\n<div style=\"height:10px\" aria-hidden=\"true\" class=\"wp-block-spacer\"><\/div>\n\n\n\n<h5 class=\"wp-block-heading\">Portaria INMETRO 149\/2022<\/h5>\n\n\n\n<p>Inspe\u00e7\u00e3o de ve\u00edculos rodovi\u00e1rios automotores &#8211; <strong>Modifica\u00e7\u00e3o ou fabrica\u00e7\u00e3o artesanal.<\/strong><\/p>\n\n\n\n<p>Inspe\u00e7\u00e3o de seguran\u00e7a veicular de ve\u00edculos automotores &#8211; <strong>Retirada do sistema GNV<\/strong><\/p>\n\n\n\n<p>Inspe\u00e7\u00e3o de ve\u00edculos rodovi\u00e1rios automotores &#8211; <strong>Recupera\u00e7\u00e3o de sinistro.<\/strong><\/p>\n\n\n\n<p>Inspe\u00e7\u00e3o de motocicletas e assemelhados &#8211; <strong>Modifica\u00e7\u00e3o ou fabrica\u00e7\u00e3o artesanal.<\/strong><\/p>\n\n\n\n<p>Inspe\u00e7\u00e3o de motocicletas e assemelhados &#8211; <strong>Recupera\u00e7\u00e3o de sinistro.<\/strong><\/p>\n\n\n\n<p>Inspe\u00e7\u00e3o de seguran\u00e7a veicular de ve\u00edculos rodovi\u00e1rios automotores com sistemas de GNV. \u2013 <strong>Inclus\u00e3o do Kit GNV e Peri\u00f3dica de GNV.<\/strong><\/p>\n\n\n\n<div style=\"height:10px\" aria-hidden=\"true\" class=\"wp-block-spacer\"><\/div>\n\n\n\n<p>Inspe\u00e7\u00e3o de motocicletas e assemelhados sinistrados.<\/p>\n\n\n\n<p><strong>NOTA:&nbsp;<\/strong>M\u00e9dia do tempo de dura\u00e7\u00e3o dos servi\u00e7os: 60 Minutos.<\/p>\n\n\n\n<div style=\"height:50px\" aria-hidden=\"true\" class=\"wp-block-spacer\"><\/div>\n\n\n\n<h3 class=\"wp-block-heading\">2. SERVI\u00c7OS DE OPACIDADE<\/h3>\n\n\n\n<div style=\"height:10px\" aria-hidden=\"true\" class=\"wp-block-spacer\"><\/div>\n\n\n\n<p>Para voc\u00ea que deseja saber as condi\u00e7\u00f5es de funcionamento do seu ve\u00edculo, a <strong>Vistoriauto<\/strong> \u2013 Inspe\u00e7\u00e3o Veicular, uma empresa com mais de 20 anos de experi\u00eancia no mercado sergipano, formada por uma equipe de engenheiros mec\u00e2nicos e t\u00e9cnicos registrados no CREA\/CFT, profissionais treinados e capacitados, e equipamentos periodicamente calibrados por Laborat\u00f3rios que pertencem \u00e0 Rede Brasileira de Calibra\u00e7\u00e3o, apresenta um servi\u00e7o de grande valia para a manuten\u00e7\u00e3o do funcionamento do seu ve\u00edculo, em atendimento \u00e0s normas e suas exig\u00eancias. O diferencial que a <strong>Vistoriauto<\/strong> apresenta, \u00e9 o excelente atendimento e equipamentos modernos e totalmente automatizados que permitem gerar relat\u00f3rios e atendem \u00e0s normas t\u00e9cnicas vigentes, <strong>do SENATRAN, INMETRO e CONAMA<\/strong>. Portanto, para voc\u00ea que possui seu ve\u00edculo ciclo Diesel e est\u00e1 tentando agregar \u00e0 uma transportadora ou mesmo prestar servi\u00e7os \u00e0 alguma empresa ou cliente em potencial e no ato da efetiva\u00e7\u00e3o da parceria comercial lhe \u00e9 exigido pelo \u00f3rg\u00e3o fiscalizador, o Laudo de Opacidade deste ve\u00edculo, a <strong>Vistoriauto<\/strong> j\u00e1 tem a solu\u00e7\u00e3o.<\/p>\n\n\n\n<div style=\"height:10px\" aria-hidden=\"true\" class=\"wp-block-spacer\"><\/div>\n\n\n\n<h4 class=\"wp-block-heading\">O que \u00e9 Laudo de Opacidade?<\/h4>\n\n\n\n<p>Tamb\u00e9m chamado de \u201cteste de fuma\u00e7a\u201d, ou \u201caferi\u00e7\u00e3o\/medi\u00e7\u00e3o de fuma\u00e7a preta\u201d, o laudo de opacidade \u00e9 um certificado que formaliza o controle peri\u00f3dico das emiss\u00f5es de polui\u00e7\u00e3o junto \u00e0 fuma\u00e7a emitida por ve\u00edculos, m\u00e1quinas agr\u00edcolas\/pesadas e estacion\u00e1rios movidos a diesel. Essa iniciativa contribui para a preserva\u00e7\u00e3o do meio ambiente, o desenvolvimento de uma consci\u00eancia ecol\u00f3gica por parte das montadoras, empresas, ind\u00fastrias (que tamb\u00e9m s\u00e3o cobradas pela emiss\u00e3o de poluentes) e da popula\u00e7\u00e3o como um todo.<\/p>\n\n\n\n<div style=\"height:10px\" aria-hidden=\"true\" class=\"wp-block-spacer\"><\/div>\n\n\n\n<h4 class=\"wp-block-heading\">Quais as vantagens?<\/h4>\n\n\n\n<p>Preservar o meio ambiente, mantendo as especifica\u00e7\u00f5es originais dos fabricantes dos ve\u00edculos atrav\u00e9s do controle peri\u00f3dico das emiss\u00f5es de gases poluentes e atendendo \u00e0s exig\u00eancias da regulamenta\u00e7\u00e3o do PROCONVE &#8211; Programa de Inspe\u00e7\u00e3o e Manuten\u00e7\u00e3o de Ve\u00edculos em Uso \u2013 I\/M (ver Resolu\u00e7\u00e3o CONAMA 418 e Normativa 06 do IBAMA) e tamb\u00e9m devemos levar em considera\u00e7\u00e3o que a falta de manuten\u00e7\u00e3o e a manuten\u00e7\u00e3o incorreta dos ve\u00edculos podem ser respons\u00e1veis pelo aumento da emiss\u00e3o de poluentes e do consumo de combust\u00edveis.<\/p>\n\n\n\n<div style=\"height:10px\" aria-hidden=\"true\" class=\"wp-block-spacer\"><\/div>\n\n\n\n<h4 class=\"wp-block-heading\">Como \u00e9 realizado?<\/h4>\n\n\n\n<p>Este servi\u00e7o \u00e9 realizado com o aux\u00edlio de um instrumento chamado opac\u00edmetro, que mede o grau de fuma\u00e7a e gases de escapamento emitidos pelos ve\u00edculos. Opacidade \u00e9 a medida de absor\u00e7\u00e3o de luz sofrida por um feixe luminoso ao atravessar uma coluna de g\u00e1s de escapamento, expressa em m-1, entre os fluxos de luz emergente e incidente.<\/p>\n\n\n\n<div style=\"height:32px\" aria-hidden=\"true\" class=\"wp-block-spacer\"><\/div>\n\n\n\n<h3 class=\"wp-block-heading\">Conhe\u00e7a as 03 principais etapas do teste:<\/h3>\n\n\n\n<div style=\"height:10px\" aria-hidden=\"true\" class=\"wp-block-spacer\"><\/div>\n\n\n\n<h4 class=\"wp-block-heading\">Pr\u00e9-inspe\u00e7\u00e3o<\/h4>\n\n\n\n<p>Na etapa inicial, o inspetor t\u00e9cnico avalia os seguintes fatores:<\/p>\n\n\n\n<p>1- Vazamento de \u00e1gua, combust\u00edvel ou outros fluidos;<\/p>\n\n\n\n<p>2- Mau funcionamento do motor;<\/p>\n\n\n\n<p>3- Danos no escapamento de gases;<\/p>\n\n\n\n<p>4- Emiss\u00e3o e colora\u00e7\u00e3o da fuma\u00e7a;<\/p>\n\n\n\n<p>5- Acelera\u00e7\u00e3o do ve\u00edculo; etc&#8230;<\/p>\n\n\n\n<div style=\"height:10px\" aria-hidden=\"true\" class=\"wp-block-spacer\"><\/div>\n\n\n\n<h4 class=\"wp-block-heading\">Inspe\u00e7\u00e3o visual:<\/h4>\n\n\n\n<p>Nesta segunda etapa, o inspetor avalia as irregularidades visuais dos itens de controle de emiss\u00e3o de gases e ru\u00eddo, originalmente previstos para sua marca\/modelo\/vers\u00e3o, e dos dispositivos de informa\u00e7\u00e3o sobre o funcionamento do motor.<\/p>\n\n\n\n<div style=\"height:10px\" aria-hidden=\"true\" class=\"wp-block-spacer\"><\/div>\n\n\n\n<h4 class=\"wp-block-heading\">Medi\u00e7\u00e3o de gases:<\/h4>\n\n\n\n<p>Esta \u00e9 a principal etapa do teste de opacidade para motores a diesel. \u00c9 nesta fase que o inspetor utiliza o opac\u00edmetro.<\/p>\n\n\n\n<p><strong>OBS: <\/strong>Ap\u00f3s a inspe\u00e7\u00e3o, se tudo estiver regularizado conforme o esperado, o propriet\u00e1rio do ve\u00edculo recebe o&nbsp;<strong>Laudo de Opacidade<\/strong>, juntamente com a certifica\u00e7\u00e3o do equipamento utilizado para a realiza\u00e7\u00e3o do teste. Caso este ve\u00edculo n\u00e3o atenda \u00e0s especifica\u00e7\u00f5es da norma, o inspetor entrega o Laudo Reprovado e faz as considera\u00e7\u00f5es necess\u00e1rias para a sua devida manuten\u00e7\u00e3o corretiva.<\/p>\n\n\n\n<div style=\"height:10px\" aria-hidden=\"true\" class=\"wp-block-spacer\"><\/div>\n\n\n\n<p><strong>NOTA:<\/strong>&nbsp;INFORMAMOS QUE ESTE SERVI\u00c7O OFERECIDO INDIVIDUALMENTE, N\u00c3O FAZ PARTE DOS ESCOPOS ACREDITADOS PELA CGCRE.<\/p>\n\n\n\n<figure class=\"wp-block-gallery has-nested-images columns-default is-cropped wp-block-gallery-1 is-layout-flex wp-block-gallery-is-layout-flex\">\n<figure class=\"wp-block-image size-large\"><img loading=\"lazy\" decoding=\"async\" width=\"1024\" height=\"666\" data-id=\"173\" src=\"https:\/\/inspecaovistoriauto.com.br\/wp-content\/uploads\/2025\/08\/9c560761-7eff-442f-b49b-bc7631ed7c24-1024x666.jpg\" alt=\"\" class=\"wp-image-173\" srcset=\"https:\/\/inspecaovistoriauto.com.br\/wp-content\/uploads\/2025\/08\/9c560761-7eff-442f-b49b-bc7631ed7c24-1024x666.jpg 1024w, https:\/\/inspecaovistoriauto.com.br\/wp-content\/uploads\/2025\/08\/9c560761-7eff-442f-b49b-bc7631ed7c24-300x195.jpg 300w, https:\/\/inspecaovistoriauto.com.br\/wp-content\/uploads\/2025\/08\/9c560761-7eff-442f-b49b-bc7631ed7c24-768x500.jpg 768w, https:\/\/inspecaovistoriauto.com.br\/wp-content\/uploads\/2025\/08\/9c560761-7eff-442f-b49b-bc7631ed7c24-1536x1000.jpg 1536w, https:\/\/inspecaovistoriauto.com.br\/wp-content\/uploads\/2025\/08\/9c560761-7eff-442f-b49b-bc7631ed7c24-2048x1333.jpg 2048w\" sizes=\"auto, (max-width: 1024px) 100vw, 1024px\" \/><\/figure>\n\n\n\n<figure class=\"wp-block-image size-large\"><img loading=\"lazy\" decoding=\"async\" width=\"1024\" height=\"768\" data-id=\"172\" src=\"https:\/\/inspecaovistoriauto.com.br\/wp-content\/uploads\/2025\/08\/99545a61-6bc8-4458-a0ac-bbb5d447c72e-1024x768.jpg\" alt=\"\" class=\"wp-image-172\" srcset=\"https:\/\/inspecaovistoriauto.com.br\/wp-content\/uploads\/2025\/08\/99545a61-6bc8-4458-a0ac-bbb5d447c72e-1024x768.jpg 1024w, https:\/\/inspecaovistoriauto.com.br\/wp-content\/uploads\/2025\/08\/99545a61-6bc8-4458-a0ac-bbb5d447c72e-300x225.jpg 300w, https:\/\/inspecaovistoriauto.com.br\/wp-content\/uploads\/2025\/08\/99545a61-6bc8-4458-a0ac-bbb5d447c72e-768x576.jpg 768w, https:\/\/inspecaovistoriauto.com.br\/wp-content\/uploads\/2025\/08\/99545a61-6bc8-4458-a0ac-bbb5d447c72e-1536x1152.jpg 1536w, https:\/\/inspecaovistoriauto.com.br\/wp-content\/uploads\/2025\/08\/99545a61-6bc8-4458-a0ac-bbb5d447c72e-2048x1536.jpg 2048w\" sizes=\"auto, (max-width: 1024px) 100vw, 1024px\" \/><\/figure>\n\n\n\n<figure class=\"wp-block-image size-large\"><img loading=\"lazy\" decoding=\"async\" width=\"1024\" height=\"768\" data-id=\"175\" src=\"https:\/\/inspecaovistoriauto.com.br\/wp-content\/uploads\/2025\/08\/f0ca64ef-721c-4479-8902-95eb24d44b7f-1024x768.jpg\" alt=\"\" class=\"wp-image-175\" srcset=\"https:\/\/inspecaovistoriauto.com.br\/wp-content\/uploads\/2025\/08\/f0ca64ef-721c-4479-8902-95eb24d44b7f-1024x768.jpg 1024w, https:\/\/inspecaovistoriauto.com.br\/wp-content\/uploads\/2025\/08\/f0ca64ef-721c-4479-8902-95eb24d44b7f-300x225.jpg 300w, https:\/\/inspecaovistoriauto.com.br\/wp-content\/uploads\/2025\/08\/f0ca64ef-721c-4479-8902-95eb24d44b7f-768x576.jpg 768w, https:\/\/inspecaovistoriauto.com.br\/wp-content\/uploads\/2025\/08\/f0ca64ef-721c-4479-8902-95eb24d44b7f-1536x1152.jpg 1536w, https:\/\/inspecaovistoriauto.com.br\/wp-content\/uploads\/2025\/08\/f0ca64ef-721c-4479-8902-95eb24d44b7f-2048x1536.jpg 2048w\" sizes=\"auto, (max-width: 1024px) 100vw, 1024px\" \/><\/figure>\n\n\n\n<figure class=\"wp-block-image size-large\"><img loading=\"lazy\" decoding=\"async\" width=\"1024\" height=\"871\" data-id=\"176\" src=\"https:\/\/inspecaovistoriauto.com.br\/wp-content\/uploads\/2025\/08\/a08579e9-890e-46bf-a7f4-c29e15fce767-1024x871.jpg\" alt=\"\" class=\"wp-image-176\" srcset=\"https:\/\/inspecaovistoriauto.com.br\/wp-content\/uploads\/2025\/08\/a08579e9-890e-46bf-a7f4-c29e15fce767-1024x871.jpg 1024w, https:\/\/inspecaovistoriauto.com.br\/wp-content\/uploads\/2025\/08\/a08579e9-890e-46bf-a7f4-c29e15fce767-300x255.jpg 300w, https:\/\/inspecaovistoriauto.com.br\/wp-content\/uploads\/2025\/08\/a08579e9-890e-46bf-a7f4-c29e15fce767-768x653.jpg 768w, https:\/\/inspecaovistoriauto.com.br\/wp-content\/uploads\/2025\/08\/a08579e9-890e-46bf-a7f4-c29e15fce767-1536x1307.jpg 1536w, https:\/\/inspecaovistoriauto.com.br\/wp-content\/uploads\/2025\/08\/a08579e9-890e-46bf-a7f4-c29e15fce767.jpg 1629w\" sizes=\"auto, (max-width: 1024px) 100vw, 1024px\" \/><\/figure>\n\n\n\n<figure class=\"wp-block-image size-large\"><img loading=\"lazy\" decoding=\"async\" width=\"1024\" height=\"768\" data-id=\"174\" src=\"https:\/\/inspecaovistoriauto.com.br\/wp-content\/uploads\/2025\/08\/96c4c4d7-2239-4338-b7ab-4898b491986a-1024x768.jpg\" alt=\"\" class=\"wp-image-174\" srcset=\"https:\/\/inspecaovistoriauto.com.br\/wp-content\/uploads\/2025\/08\/96c4c4d7-2239-4338-b7ab-4898b491986a-1024x768.jpg 1024w, https:\/\/inspecaovistoriauto.com.br\/wp-content\/uploads\/2025\/08\/96c4c4d7-2239-4338-b7ab-4898b491986a-300x225.jpg 300w, https:\/\/inspecaovistoriauto.com.br\/wp-content\/uploads\/2025\/08\/96c4c4d7-2239-4338-b7ab-4898b491986a-768x576.jpg 768w, https:\/\/inspecaovistoriauto.com.br\/wp-content\/uploads\/2025\/08\/96c4c4d7-2239-4338-b7ab-4898b491986a-1536x1152.jpg 1536w, https:\/\/inspecaovistoriauto.com.br\/wp-content\/uploads\/2025\/08\/96c4c4d7-2239-4338-b7ab-4898b491986a-2048x1536.jpg 2048w\" sizes=\"auto, (max-width: 1024px) 100vw, 1024px\" \/><\/figure>\n\n\n\n<figure class=\"wp-block-image size-large\"><img loading=\"lazy\" decoding=\"async\" width=\"1024\" height=\"768\" data-id=\"177\" src=\"https:\/\/inspecaovistoriauto.com.br\/wp-content\/uploads\/2025\/08\/90e697ab-5cb0-4604-8571-27d07e8bc718-1024x768.jpg\" alt=\"\" class=\"wp-image-177\" srcset=\"https:\/\/inspecaovistoriauto.com.br\/wp-content\/uploads\/2025\/08\/90e697ab-5cb0-4604-8571-27d07e8bc718-1024x768.jpg 1024w, https:\/\/inspecaovistoriauto.com.br\/wp-content\/uploads\/2025\/08\/90e697ab-5cb0-4604-8571-27d07e8bc718-300x225.jpg 300w, https:\/\/inspecaovistoriauto.com.br\/wp-content\/uploads\/2025\/08\/90e697ab-5cb0-4604-8571-27d07e8bc718-768x576.jpg 768w, https:\/\/inspecaovistoriauto.com.br\/wp-content\/uploads\/2025\/08\/90e697ab-5cb0-4604-8571-27d07e8bc718-1536x1152.jpg 1536w, https:\/\/inspecaovistoriauto.com.br\/wp-content\/uploads\/2025\/08\/90e697ab-5cb0-4604-8571-27d07e8bc718-2048x1536.jpg 2048w\" sizes=\"auto, (max-width: 1024px) 100vw, 1024px\" \/><\/figure>\n<\/figure>\n","protected":false},"excerpt":{"rendered":"<p>1. SERVI\u00c7OS DE INSPE\u00c7\u00c3O Portaria INMETRO 149\/2022 Inspe\u00e7\u00e3o de ve\u00edculos rodovi\u00e1rios automotores &#8211; Modifica\u00e7\u00e3o ou fabrica\u00e7\u00e3o artesanal. Inspe\u00e7\u00e3o de seguran\u00e7a veicular de ve\u00edculos automotores &#8211; Retirada do sistema GNV Inspe\u00e7\u00e3o de ve\u00edculos rodovi\u00e1rios automotores &#8211; Recupera\u00e7\u00e3o de sinistro. Inspe\u00e7\u00e3o de motocicletas e assemelhados &#8211; Modifica\u00e7\u00e3o ou fabrica\u00e7\u00e3o artesanal. Inspe\u00e7\u00e3o de motocicletas e assemelhados &#8211; Recupera\u00e7\u00e3o [&hellip;]<\/p>\n","protected":false},"author":1,"featured_media":0,"parent":0,"menu_order":0,"comment_status":"closed","ping_status":"closed","template":"","meta":{"footnotes":""},"class_list":["post-147","page","type-page","status-publish","hentry"],"_links":{"self":[{"href":"https:\/\/inspecaovistoriauto.com.br\/index.php?rest_route=\/wp\/v2\/pages\/147","targetHints":{"allow":["GET"]}}],"collection":[{"href":"https:\/\/inspecaovistoriauto.com.br\/index.php?rest_route=\/wp\/v2\/pages"}],"about":[{"href":"https:\/\/inspecaovistoriauto.com.br\/index.php?rest_route=\/wp\/v2\/types\/page"}],"author":[{"embeddable":true,"href":"https:\/\/inspecaovistoriauto.com.br\/index.php?rest_route=\/wp\/v2\/users\/1"}],"replies":[{"embeddable":true,"href":"https:\/\/inspecaovistoriauto.com.br\/index.php?rest_route=%2Fwp%2Fv2%2Fcomments&post=147"}],"version-history":[{"count":13,"href":"https:\/\/inspecaovistoriauto.com.br\/index.php?rest_route=\/wp\/v2\/pages\/147\/revisions"}],"predecessor-version":[{"id":179,"href":"https:\/\/inspecaovistoriauto.com.br\/index.php?rest_route=\/wp\/v2\/pages\/147\/revisions\/179"}],"wp:attachment":[{"href":"https:\/\/inspecaovistoriauto.com.br\/index.php?rest_route=%2Fwp%2Fv2%2Fmedia&parent=147"}],"curies":[{"name":"wp","href":"https:\/\/api.w.org\/{rel}","templated":true}]}}