{"id":153,"date":"2025-08-06T01:11:16","date_gmt":"2025-08-06T04:11:16","guid":{"rendered":"https:\/\/inspecaovistoriauto.com.br\/?page_id=153"},"modified":"2025-08-06T02:03:22","modified_gmt":"2025-08-06T05:03:22","slug":"nossos-precos","status":"publish","type":"page","link":"https:\/\/inspecaovistoriauto.com.br\/?page_id=153","title":{"rendered":"Nossos Pre\u00e7os"},"content":{"rendered":"\n<div style=\"height:10px\" aria-hidden=\"true\" class=\"wp-block-spacer\"><\/div>\n\n\n\n<figure class=\"wp-block-table\"><table class=\"has-fixed-layout\"><tbody><tr><td class=\"has-text-align-center\" data-align=\"center\"><strong>SERVI\u00c7OS<\/strong><\/td><td class=\"has-text-align-center\" data-align=\"center\"><strong>VALORES<\/strong><\/td><\/tr><tr><td class=\"has-text-align-center\" data-align=\"center\">Retirada de GNV<\/td><td class=\"has-text-align-center\" data-align=\"center\">R$ 500,00<\/td><\/tr><tr><td class=\"has-text-align-center\" data-align=\"center\">Instala\u00e7\u00e3o de GNV<\/td><td class=\"has-text-align-center\" data-align=\"center\">R$ 320,00<\/td><\/tr><tr><td class=\"has-text-align-center\" data-align=\"center\">Peri\u00f3dica de GNV<\/td><td class=\"has-text-align-center\" data-align=\"center\">R$ 320,00<\/td><\/tr><tr><td class=\"has-text-align-center\" data-align=\"center\">Sinistro de Moto ou Autom\u00f3vel<\/td><td class=\"has-text-align-center\" data-align=\"center\">R$ 460,00<\/td><\/tr><tr><td class=\"has-text-align-center\" data-align=\"center\">Autom\u00f3vel Modificado<\/td><td class=\"has-text-align-center\" data-align=\"center\">R$ 460,00<\/td><\/tr><tr><td class=\"has-text-align-center\" data-align=\"center\">LIT ou ANTT<\/td><td class=\"has-text-align-center\" data-align=\"center\">R$ 500,00<\/td><\/tr><tr><td class=\"has-text-align-center\" data-align=\"center\">Caminh\u00e3o Modificado e Sinistrado<\/td><td class=\"has-text-align-center\" data-align=\"center\">R$ 700,00 (2 eixos)<br>R$ 1.000,00 (3 eixos)<br>R$ 1.500,00 (4 eixos)<\/td><\/tr><tr><td class=\"has-text-align-center\" data-align=\"center\">\u00d4nibus Modificado<\/td><td class=\"has-text-align-center\" data-align=\"center\">R$ 700,00 (2 eixos)<br>R$ 1.000,00 (3 eixos)<br>R$ 1.500,00 (4 eixos)<\/td><\/tr><tr><td class=\"has-text-align-center\" data-align=\"center\">Reboque ou Semi-reboque<\/td><td class=\"has-text-align-center\" data-align=\"center\">R$ 800,00 (2 eixos)<br>R$ 1.200,00 (3 eixos)<br>R$ 1.500,00 (4 eixos)<\/td><\/tr><\/tbody><\/table><\/figure>\n\n\n\n<p><\/p>\n","protected":false},"excerpt":{"rendered":"<p>SERVI\u00c7OS VALORES Retirada de GNV R$ 500,00 Instala\u00e7\u00e3o de GNV R$ 320,00 Peri\u00f3dica de GNV R$ 320,00 Sinistro de Moto ou Autom\u00f3vel R$ 460,00 Autom\u00f3vel Modificado R$ 460,00 LIT ou ANTT R$ 500,00 Caminh\u00e3o Modificado e Sinistrado R$ 700,00 (2 eixos)R$ 1.000,00 (3 eixos)R$ 1.500,00 (4 eixos) \u00d4nibus Modificado R$ 700,00 (2 eixos)R$ 1.000,00 (3 [&hellip;]<\/p>\n","protected":false},"author":1,"featured_media":0,"parent":0,"menu_order":0,"comment_status":"closed","ping_status":"closed","template":"","meta":{"footnotes":""},"class_list":["post-153","page","type-page","status-publish","hentry"],"_links":{"self":[{"href":"https:\/\/inspecaovistoriauto.com.br\/index.php?rest_route=\/wp\/v2\/pages\/153","targetHints":{"allow":["GET"]}}],"collection":[{"href":"https:\/\/inspecaovistoriauto.com.br\/index.php?rest_route=\/wp\/v2\/pages"}],"about":[{"href":"https:\/\/inspecaovistoriauto.com.br\/index.php?rest_route=\/wp\/v2\/types\/page"}],"author":[{"embeddable":true,"href":"https:\/\/inspecaovistoriauto.com.br\/index.php?rest_route=\/wp\/v2\/users\/1"}],"replies":[{"embeddable":true,"href":"https:\/\/inspecaovistoriauto.com.br\/index.php?rest_route=%2Fwp%2Fv2%2Fcomments&post=153"}],"version-history":[{"count":3,"href":"https:\/\/inspecaovistoriauto.com.br\/index.php?rest_route=\/wp\/v2\/pages\/153\/revisions"}],"predecessor-version":[{"id":169,"href":"https:\/\/inspecaovistoriauto.com.br\/index.php?rest_route=\/wp\/v2\/pages\/153\/revisions\/169"}],"wp:attachment":[{"href":"https:\/\/inspecaovistoriauto.com.br\/index.php?rest_route=%2Fwp%2Fv2%2Fmedia&parent=153"}],"curies":[{"name":"wp","href":"https:\/\/api.w.org\/{rel}","templated":true}]}}