{"id":2,"date":"2025-07-20T10:39:43","date_gmt":"2025-07-20T13:39:43","guid":{"rendered":"http:\/\/inspecaovistoriauto.com.br\/?page_id=2"},"modified":"2025-08-28T12:35:42","modified_gmt":"2025-08-28T15:35:42","slug":"pagina-inicial","status":"publish","type":"page","link":"https:\/\/inspecaovistoriauto.com.br\/","title":{"rendered":"Home"},"content":{"rendered":"\n<p>Em Aracaju, estamos localizados ao lado do Dentran. Na Av. Augusto Franco, 4120. Bairro Ponto Novo. Aracaju\/SE. CEP: 49.047-040. <strong>(atr\u00e1s do Detran)<\/strong>.<\/p>\n\n\n\n<blockquote class=\"wp-block-quote is-layout-flow wp-block-quote-is-layout-flow\">\n<p>Contamos com uma equipe altamente treinada e qualidade comprovada que oferece o melhor e mais r\u00e1pido atendimento para os nossos clientes que precisam dos servi\u00e7os de inspe\u00e7\u00e3o de seguran\u00e7a veicular.<\/p>\n<\/blockquote>\n\n\n\n<p>E, mais:<\/p>\n\n\n\n<blockquote class=\"wp-block-quote is-layout-flow wp-block-quote-is-layout-flow\">\n<p>Somos refer\u00eancia em inspe\u00e7\u00e3o de seguran\u00e7a veicular h\u00e1 mais de 20 anos no mercado sergipano.<\/p>\n<\/blockquote>\n\n\n\n<p>A Vistoriauto Inspe\u00e7\u00e3o Veicular \u00e9 um organismo de inspe\u00e7\u00e3o acreditado pela <strong>Cgcre<\/strong> e credenciada pelo <strong>SENATRAN<\/strong>, onde se pode realizar inspe\u00e7\u00e3o&nbsp;veicular. Oferecemos servi\u00e7os de inspe\u00e7\u00e3o de seguran\u00e7a veicular para diversos fins, incluindo ve\u00edculos com GNV, ve\u00edculos modificados e sinistrados.<\/p>\n\n\n\n<p><strong>O que \u00e9 inspe\u00e7\u00e3o\/vistoria veicular?<\/strong><\/p>\n\n\n\n<p>Inspe\u00e7\u00e3o e vistoria veicular s\u00e3o procedimentos que avaliam as condi\u00e7\u00f5es do ve\u00edculo para garantir sua seguran\u00e7a e conformidade com a legisla\u00e7\u00e3o de tr\u00e2nsito.&nbsp;Apesar de muitas vezes serem usados como sin\u00f4nimos, existem diferen\u00e7as entre eles:&nbsp;<\/p>\n\n\n\n<ul class=\"wp-block-list\">\n<li><strong>Vistoria veicular:<\/strong> Geralmente, \u00e9 um procedimento mais simples, focado em verificar a identifica\u00e7\u00e3o do ve\u00edculo, condi\u00e7\u00f5es de seguran\u00e7a e documentos.&nbsp;\u00c9 obrigat\u00f3ria em casos de transfer\u00eancia de propriedade e pode ser solicitada em outras situa\u00e7\u00f5es.&nbsp;<\/li>\n\n\n\n<li><strong>Inspe\u00e7\u00e3o veicular:<\/strong> \u00c9 um procedimento mais abrangente, que pode envolver an\u00e1lises t\u00e9cnicas mais detalhadas, como emiss\u00e3o de poluentes, ru\u00eddo, sistemas de freio e suspens\u00e3o, etc.&nbsp;Pode ser exigida em casos espec\u00edficos, como ve\u00edculos de transporte de carga ou passageiros, ou para atender a exig\u00eancias ambientais.&nbsp;<\/li>\n<\/ul>\n\n\n\n<p>A Vistoriauto Inspe\u00e7\u00e3o Veicular \u00e9 um Organismo de Inspe\u00e7\u00e3o Veicular (OIA-SV) acreditado pela Cgcre de Sergipe.&nbsp;Oferecemos servi\u00e7os de inspe\u00e7\u00e3o veicular, incluindo:&nbsp;<\/p>\n\n\n\n<ul class=\"wp-block-list\">\n<li><strong>Ve\u00edculos com GNV<\/strong>;<\/li>\n\n\n\n<li><strong>Ve\u00edculos sinistrados<\/strong>;\u00a0<\/li>\n\n\n\n<li><strong>Ve\u00edculos modificados; e,<\/strong><\/li>\n\n\n\n<li><strong>Ve\u00edculos ANTT.<\/strong>\u00a0<\/li>\n<\/ul>\n\n\n\n<p>Contatos e informa\u00e7\u00f5es adicionais:<\/p>\n\n\n\n<ul class=\"wp-block-list\">\n<li><strong>Telefone:<\/strong>&nbsp;(79) 3217-2029&nbsp;\/  99663-3669<\/li>\n\n\n\n<li><strong>E-mail:<\/strong>&nbsp;itlvistoriauto@gmail.com&nbsp;<\/li>\n\n\n\n<li><strong>Endere\u00e7o:<\/strong>&nbsp;Avenida Augusto Franco, 4120, Bairro Ponto Novo, Aracaju\/SE, CEP: 49.047-040. (atr\u00e1s do Detran).<\/li>\n\n\n\n<li><strong>Hor\u00e1rio de funcionamento:<\/strong>\u00a0Segunda a Sexta, das 07h30 \u00e0s 17h.<\/li>\n<\/ul>\n\n\n\n<p><strong>Se voc\u00ea precisar de mais informa\u00e7\u00f5es ou desejar agendar um servi\u00e7o, entre em contato com a Vistoriauto atrav\u00e9s dos canais mencionados.&nbsp;<\/strong><\/p>\n\n\n\n<p><\/p>\n","protected":false},"excerpt":{"rendered":"<p>Em Aracaju, estamos localizados ao lado do Dentran. Na Av. Augusto Franco, 4120. Bairro Ponto Novo. Aracaju\/SE. CEP: 49.047-040. (atr\u00e1s do Detran). Contamos com uma equipe altamente treinada e qualidade comprovada que oferece o melhor e mais r\u00e1pido atendimento para os nossos clientes que precisam dos servi\u00e7os de inspe\u00e7\u00e3o de seguran\u00e7a veicular. E, mais: Somos [&hellip;]<\/p>\n","protected":false},"author":1,"featured_media":0,"parent":0,"menu_order":0,"comment_status":"closed","ping_status":"closed","template":"page-template\/custom-home-page.php","meta":{"footnotes":""},"class_list":["post-2","page","type-page","status-publish","hentry"],"_links":{"self":[{"href":"https:\/\/inspecaovistoriauto.com.br\/index.php?rest_route=\/wp\/v2\/pages\/2","targetHints":{"allow":["GET"]}}],"collection":[{"href":"https:\/\/inspecaovistoriauto.com.br\/index.php?rest_route=\/wp\/v2\/pages"}],"about":[{"href":"https:\/\/inspecaovistoriauto.com.br\/index.php?rest_route=\/wp\/v2\/types\/page"}],"author":[{"embeddable":true,"href":"https:\/\/inspecaovistoriauto.com.br\/index.php?rest_route=\/wp\/v2\/users\/1"}],"replies":[{"embeddable":true,"href":"https:\/\/inspecaovistoriauto.com.br\/index.php?rest_route=%2Fwp%2Fv2%2Fcomments&post=2"}],"version-history":[{"count":12,"href":"https:\/\/inspecaovistoriauto.com.br\/index.php?rest_route=\/wp\/v2\/pages\/2\/revisions"}],"predecessor-version":[{"id":215,"href":"https:\/\/inspecaovistoriauto.com.br\/index.php?rest_route=\/wp\/v2\/pages\/2\/revisions\/215"}],"wp:attachment":[{"href":"https:\/\/inspecaovistoriauto.com.br\/index.php?rest_route=%2Fwp%2Fv2%2Fmedia&parent=2"}],"curies":[{"name":"wp","href":"https:\/\/api.w.org\/{rel}","templated":true}]}}