{"id":3,"date":"2025-07-20T10:39:43","date_gmt":"2025-07-20T13:39:43","guid":{"rendered":"http:\/\/inspecaovistoriauto.com.br\/?page_id=3"},"modified":"2025-07-31T07:09:21","modified_gmt":"2025-07-31T10:09:21","slug":"politica-de-privacidade","status":"publish","type":"page","link":"https:\/\/inspecaovistoriauto.com.br\/?page_id=3","title":{"rendered":"Pol\u00edtica de privacidade"},"content":{"rendered":"\n<h3 class=\"wp-block-heading\">Bem-vindo(a) ao website da\u00a0<strong>Vistoriauto<\/strong><\/h3>\n\n\n\n<p>Na\u00a0<strong>Vistoriauto<\/strong>, a sua privacidade \u00e9 prioridade e temos o compromisso institucional de proteger os seus dados pessoais. N\u00f3s sempre nos preocupamos em utilizar os dados de nossos clientes para fins de prestar um melhor servi\u00e7o, de forma transparente e de acordo com as suas expectativas. Agora, nos empenhamos ao m\u00e1ximo em adequar nossas estruturas para estar preparado \u00e0 nova legisla\u00e7\u00e3o de prote\u00e7\u00e3o de dados (Lei 13.709\/18 Lei Geral de Prote\u00e7\u00e3o de Dados).<\/p>\n\n\n\n<p>Na pr\u00e1tica, o que isso significa? <\/p>\n\n\n\n<p>Significa que a\u00a0<strong>Vistoriauto\u00a0<\/strong>continuar\u00e1 a tratar os seus dados pessoais de forma correta e mant\u00ea-los seguros, mas passar\u00e1, ainda, a adotar novas din\u00e2micas capazes de documentar esse zelo e a atender a direitos assegurados a voc\u00ea pela LGPD.<\/p>\n\n\n\n<p>Para fins desta Pol\u00edtica de Privacidade (\u201cPol\u00edtica\u201d), a express\u00e3o \u201cdados pessoais\u201d designa as informa\u00e7\u00f5es relacionadas a voc\u00ea que permitam a sua identifica\u00e7\u00e3o, tais como, mas n\u00e3o se limitando a: nome, endere\u00e7o, endere\u00e7o de e-mail, provedor de servi\u00e7os de internet, telefone ou outras informa\u00e7\u00f5es pessoais que possam ser fornecidas por voc\u00ea ou coletadas de acordo com a legisla\u00e7\u00e3o local aplic\u00e1vel.<\/p>\n\n\n\n<p>Esperamos que essa Pol\u00edtica o ajude a compreender:<\/p>\n\n\n\n<ul class=\"wp-block-list\">\n<li>os tipos de dados pessoais que podem ser coletados de voc\u00ea, se aplic\u00e1vel, e a forma que tais dados pessoais s\u00e3o utilizados ap\u00f3s a coleta;<\/li>\n\n\n\n<li>os seus direitos enquanto titular de dados;<\/li>\n\n\n\n<li>as precau\u00e7\u00f5es que s\u00e3o tomadas para manter as informa\u00e7\u00f5es dos nossos clientes\/usu\u00e1rios do website confidenciais;<\/li>\n\n\n\n<li>com quem seus dados podem ser compartilhados;<\/li>\n\n\n\n<li>a forma como este website utiliza cookies.<\/li>\n<\/ul>\n\n\n\n<p>A presente pol\u00edtica \u00e9 aplic\u00e1vel a quaisquer dados pessoais tratados pela\u00a0<strong>Vistoriauto<\/strong>.<\/p>\n\n\n\n<p><strong>Princ\u00edpios e Fundamentos que balizam o tratamento de dados pessoais realizado por n\u00f3s.<\/strong><\/p>\n\n\n\n<p>A\u00a0<strong><strong>Vistoriauto<\/strong><\/strong> realiza o tratamento de seus dados pessoais de acordo com os princ\u00edpios da boa-f\u00e9, finalidade, adequa\u00e7\u00e3o, necessidade, livre acesso, qualidade, seguran\u00e7a, preven\u00e7\u00e3o, n\u00e3o discrimina\u00e7\u00e3o, responsabiliza\u00e7\u00e3o e presta\u00e7\u00e3o de contas e, mais importante, transpar\u00eancia.<\/p>\n\n\n\n<p>Nesse sentido, o tratamento de seus dados pessoais ocorrer\u00e1 para:<\/p>\n\n\n\n<p><strong>(i)\u00a0<\/strong>cumprimento de obriga\u00e7\u00f5es legais ou regulat\u00f3rias;<br><strong>(ii)<\/strong>\u00a0exerc\u00edcio regular de direitos em processos;<br><strong>(iii)<\/strong>\u00a0quando necess\u00e1rios para execu\u00e7\u00e3o de contrato firmado com voc\u00ea;<br><strong>(iv)\u00a0<\/strong>para atender interesses leg\u00edtimos da\u00a0<strong><strong>Vistoriauto<\/strong><\/strong>, de seus parceiros e terceiros.<\/p>\n\n\n\n<p>Em outros casos, o tratamento de dados pessoais ser\u00e1 condicionado ao seu consentimento.<\/p>\n\n\n\n<h3 class=\"wp-block-heading\">Coment\u00e1rios<\/h3>\n\n\n\n<p>Quando os visitantes deixam coment\u00e1rios no site, coletamos os dados mostrados no formul\u00e1rio de coment\u00e1rios, al\u00e9m do endere\u00e7o de IP e de dados do navegador do visitante, para auxiliar na detec\u00e7\u00e3o de spam.<\/p>\n\n\n\n<p>Uma sequ\u00eancia anonimizada de caracteres criada a partir do seu e-mail (tamb\u00e9m chamada de hash) poder\u00e1 ser enviada para o Gravatar para verificar se voc\u00ea usa o servi\u00e7o. A pol\u00edtica de privacidade do Gravatar est\u00e1 dispon\u00edvel aqui: https:\/\/automattic.com\/privacy\/. Depois da aprova\u00e7\u00e3o do seu coment\u00e1rio, a foto do seu perfil fica vis\u00edvel publicamente junto de seu coment\u00e1rio.<\/p>\n\n\n\n<h3 class=\"wp-block-heading\">Como utilizamos os seus dados?<\/h3>\n\n\n\n<p>A\u00e7\u00f5es de Marketing, processo de recrutamento e compartilhamento de conte\u00fado do seu interesse.<\/p>\n\n\n\n<p>N\u00f3s tamb\u00e9m poderemos entrar em contato com voc\u00ea via e-mail, independente do seu cadastro no site, ap\u00f3s o primeiro servi\u00e7o prestado conosco, para fins de agradecimento\/ envio de pesquisa de satisfa\u00e7\u00e3o.<\/p>\n\n\n\n<p>Os dados pessoais fornecidos no curso da sua solicita\u00e7\u00e3o de or\u00e7amento para vistorias veiculares (ou qualquer outro servi\u00e7o por n\u00f3s oferecido) ser\u00e3o coletados, processados e usados para gerenciar a sua solicita\u00e7\u00e3o para a subsequente execu\u00e7\u00e3o do contrato que ser\u00e1 firmado. No contexto deste relacionamento, diversos dados pessoais poder\u00e3o ser envolvidos, dados \u201ccomuns\u201d, como dados cadastrais, dados financeiros, detalhes de contato, informa\u00e7\u00f5es e opini\u00f5es colhidas em pesquisas, dentre outros.<\/p>\n\n\n\n<p>O tratamento destes dados ocorrer\u00e1 para as finalidades de manter a rela\u00e7\u00e3o contratual com voc\u00ea; para o gerenciamento, administra\u00e7\u00e3o, provis\u00e3o, extens\u00e3o e aprimoramento dos servi\u00e7os; para cumprir obriga\u00e7\u00f5es legais e\/ou regulat\u00f3rias, quando aplic\u00e1vel; bem como para o envio de informa\u00e7\u00f5es t\u00e9cnicas e operacionais relacionadas ao tratamento, por qualquer meio, inclusive e-mail e\/ou meios equivalentes.<\/p>\n\n\n\n<h3 class=\"wp-block-heading\">Compartilhamento dos seus dados pessoais<\/h3>\n\n\n\n<p>Informamos a voc\u00ea que necessitamos comunicar seus dados pessoais a diferentes parceiros e fornecedores de produtos e servi\u00e7os, quando necess\u00e1rio para a presta\u00e7\u00e3o do servi\u00e7o contratado por voc\u00ea. Estes terceiros ser\u00e3o sempre obrigados a utilizar os seus dados \u00fanica e exclusivamente para a finalidade contratada, mantendo o dever de sigilo sob seus dados. Seus dados tamb\u00e9m podem ser comunicados a outras entidades do grupo corporativo ao qual a\u00a0<strong><strong>Vistoriauto<\/strong><\/strong>\u00a0pertence.<\/p>\n\n\n\n<h3 class=\"wp-block-heading\">Prote\u00e7\u00e3o dos Dados Pessoais<\/h3>\n\n\n\n<p>Para proteger a seguran\u00e7a das suas informa\u00e7\u00f5es, adotamos medidas de seguran\u00e7a para o tratamento de todos os dados pessoais coletados, sobretudo os dados sens\u00edveis. Essas provid\u00eancias, t\u00e9cnicas e organizacionais, foram implementadas para prevenir o acesso n\u00e3o autorizado, a manipula\u00e7\u00e3o acidental ou intencional, a perda ou a destrui\u00e7\u00e3o de seus dados pessoais. Igualmente, as informa\u00e7\u00f5es pessoais de clientes e visitantes s\u00e3o de acesso restrito apenas \u00e0queles colaboradores ou outras partes que precisem do dado para a execu\u00e7\u00e3o e o desempenho de suas fun\u00e7\u00f5es.<\/p>\n\n\n\n<p>N\u00f3s manteremos seus dados pelo tempo que voc\u00ea possuir v\u00ednculo conosco. Ap\u00f3s o encerramento deste, n\u00f3s poderemos continuar mantendo os seus dados em raz\u00e3o de obriga\u00e7\u00f5es legais ou nosso interesse leg\u00edtimo, para nos ajudar a responder demandas legais, auditorias e\/ou requisi\u00e7\u00f5es de \u00f3rg\u00e3os regulat\u00f3rios.<\/p>\n\n\n\n<p>Em caso de incidentes de seguran\u00e7a que possa gerar risco ou dano relevante para voc\u00ea ou qualquer um de nossos usu\u00e1rios\/clientes, comunicaremos aos afetados e a Autoridade Nacional de Prote\u00e7\u00e3o de Dados sobre o ocorrido, em conson\u00e2ncia com as disposi\u00e7\u00f5es da Lei Geral de Prote\u00e7\u00e3o de Dados.<\/p>\n\n\n\n<h3 class=\"wp-block-heading\">Quais s\u00e3o os seus direitos como titular desses dados?<\/h3>\n\n\n\n<p>A\u00a0<strong><strong>Vistoriauto<\/strong><\/strong>\u00a0garantir\u00e1 a voc\u00ea, titular de dados pessoais, o exerc\u00edcio dos direitos previstos na lei aplic\u00e1vel, dentre eles:<\/p>\n\n\n\n<ul class=\"wp-block-list\">\n<li>confirma\u00e7\u00e3o da exist\u00eancia de tratamento de seus dados pessoais;<\/li>\n\n\n\n<li>acesso a estes dados;<\/li>\n\n\n\n<li>corrigir seus dados: incompletos, inexatos ou desatualizados;<\/li>\n\n\n\n<li>anonimiza\u00e7\u00e3o, bloqueio ou elimina\u00e7\u00e3o de dados desnecess\u00e1rios, excessivos ou tratados em desconformidade com a LGPD;<\/li>\n\n\n\n<li>portabilidade de seus dados pessoais mediante requisi\u00e7\u00e3o expressa;<\/li>\n\n\n\n<li>obten\u00e7\u00e3o de informa\u00e7\u00f5es sobre entidades p\u00fablicas e privadas com os quais a\u00a0<strong><strong>Vistoriauto<\/strong><\/strong>\u00a0compartilhou seus dados;<\/li>\n\n\n\n<li>revoga\u00e7\u00e3o do consentimento, quando aplic\u00e1vel.<\/li>\n<\/ul>\n\n\n\n<p>Note que alguns desses direitos ainda precisam ser detalhados e regulamentados pela Autoridade Nacional de Prote\u00e7\u00e3o de Dados, para que possam ser adequadamente atendidos por n\u00f3s.<\/p>\n\n\n\n<p>Se voc\u00ea tiver deixado coment\u00e1rios, pode solicitar que removamos qualquer dado pessoal que mantemos sobre voc\u00ea. Isto n\u00e3o inclui nenhuns dados que somos obrigados a manter para prop\u00f3sitos administrativos, legais ou de seguran\u00e7a.<\/p>\n\n\n\n<h3 class=\"wp-block-heading\">Atos de viola\u00e7\u00e3o<\/h3>\n\n\n\n<p>Quaisquer acessos n\u00e3o autorizados, a \u00e1reas privativas do site, assim como tentativas ou consuma\u00e7\u00e3o de acesso ao c\u00f3digo-fonte, ser\u00e3o considerados atos de viola\u00e7\u00e3o, sendo devidamente tratados de acordo com a especifica\u00e7\u00e3o penal vigente \u00e0 \u00e9poca.<\/p>\n\n\n\n<h3 class=\"wp-block-heading\">Cookies<\/h3>\n\n\n\n<p>Ao deixar um coment\u00e1rio no site, voc\u00ea poder\u00e1 optar por salvar seu nome, e-mail e site nos cookies. Isso visa seu conforto, assim voc\u00ea n\u00e3o precisar\u00e1 preencher seus dados novamente quando fizer outro coment\u00e1rio. Estes cookies duram um ano.<\/p>\n\n\n\n<p>Se voc\u00ea editar ou publicar um artigo, um cookie adicional ser\u00e1 salvo no seu navegador. Este cookie n\u00e3o inclui nenhum dado pessoal e simplesmente indica o ID do post referente ao artigo que voc\u00ea acabou de editar. Ele expira depois de 1 dia.<\/p>\n\n\n\n<p>Se voc\u00ea deixar um coment\u00e1rio, o coment\u00e1rio e os seus metadados s\u00e3o conservados indefinidamente. Fazemos isso para que seja poss\u00edvel reconhecer e aprovar automaticamente qualquer coment\u00e1rio posterior ao inv\u00e9s de ret\u00ea-lo para modera\u00e7\u00e3o.<\/p>\n\n\n\n<p>Todos os usu\u00e1rios podem ver, editar ou excluir suas informa\u00e7\u00f5es pessoais a qualquer momento (s\u00f3 n\u00e3o \u00e9 poss\u00edvel alterar o seu username). Os administradores de sites tamb\u00e9m podem ver e editar estas informa\u00e7\u00f5es.<\/p>\n\n\n\n<h3 class=\"wp-block-heading\">Atualiza\u00e7\u00e3o do Website<\/h3>\n\n\n\n<p>A\u00a0<strong>Vistoriauto<\/strong> se reserva o direito de, a qualquer momento, atualizar, alterar, remover e\/ou ampliar este website, podendo, inclusive, alterar a forma de disponibiliza\u00e7\u00e3o de todo o seu conte\u00fado, sem pr\u00e9via notifica\u00e7\u00e3o aos usu\u00e1rios, com objetivo de melhor adequa\u00e7\u00e3o. O acesso ao website pelo usu\u00e1rio ap\u00f3s qualquer altera\u00e7\u00e3o implica no consentimento e aceita\u00e7\u00e3o das novas condi\u00e7\u00f5es. Recomendamos a leitura desta Pol\u00edtica de tempos em tempos para tomar conhecimento de quaisquer altera\u00e7\u00f5es.<\/p>\n\n\n\n<h3 class=\"wp-block-heading\">Contato do Encarregado pelo Tratamento de Dados Pessoais<\/h3>\n\n\n\n<p>Para o exerc\u00edcio dos seus direitos e acesso a maiores informa\u00e7\u00f5es sobre o tratamento dos seus dados pessoais, envie e-mail para o nosso Encarregado do tratamento de dados pessoais:\u00a0<a href=\"mailto:erivelton@me.com\" target=\"_blank\" rel=\"noreferrer noopener\">erivelton@me.com<\/a><\/p>\n\n\n\n<p><\/p>\n","protected":false},"excerpt":{"rendered":"<p>Bem-vindo(a) ao website da\u00a0Vistoriauto Na\u00a0Vistoriauto, a sua privacidade \u00e9 prioridade e temos o compromisso institucional de proteger os seus dados pessoais. N\u00f3s sempre nos preocupamos em utilizar os dados de nossos clientes para fins de prestar um melhor servi\u00e7o, de forma transparente e de acordo com as suas expectativas. Agora, nos empenhamos ao m\u00e1ximo em [&hellip;]<\/p>\n","protected":false},"author":1,"featured_media":0,"parent":0,"menu_order":0,"comment_status":"closed","ping_status":"closed","template":"page-template\/custom-home-page.php","meta":{"footnotes":""},"class_list":["post-3","page","type-page","status-publish","hentry"],"_links":{"self":[{"href":"https:\/\/inspecaovistoriauto.com.br\/index.php?rest_route=\/wp\/v2\/pages\/3","targetHints":{"allow":["GET"]}}],"collection":[{"href":"https:\/\/inspecaovistoriauto.com.br\/index.php?rest_route=\/wp\/v2\/pages"}],"about":[{"href":"https:\/\/inspecaovistoriauto.com.br\/index.php?rest_route=\/wp\/v2\/types\/page"}],"author":[{"embeddable":true,"href":"https:\/\/inspecaovistoriauto.com.br\/index.php?rest_route=\/wp\/v2\/users\/1"}],"replies":[{"embeddable":true,"href":"https:\/\/inspecaovistoriauto.com.br\/index.php?rest_route=%2Fwp%2Fv2%2Fcomments&post=3"}],"version-history":[{"count":8,"href":"https:\/\/inspecaovistoriauto.com.br\/index.php?rest_route=\/wp\/v2\/pages\/3\/revisions"}],"predecessor-version":[{"id":41,"href":"https:\/\/inspecaovistoriauto.com.br\/index.php?rest_route=\/wp\/v2\/pages\/3\/revisions\/41"}],"wp:attachment":[{"href":"https:\/\/inspecaovistoriauto.com.br\/index.php?rest_route=%2Fwp%2Fv2%2Fmedia&parent=3"}],"curies":[{"name":"wp","href":"https:\/\/api.w.org\/{rel}","templated":true}]}}